{"id":48,"date":"2025-08-23T10:34:15","date_gmt":"2025-08-23T14:34:15","guid":{"rendered":"https:\/\/peacecenter.life\/?page_id=48"},"modified":"2025-09-15T12:33:12","modified_gmt":"2025-09-15T16:33:12","slug":"back-to-school-event","status":"publish","type":"page","link":"https:\/\/peacecenter.life\/es\/programs\/back-to-school-event\/","title":{"rendered":"Vuelta al cole"},"content":{"rendered":"<p>Este evento se extiende a nuestra comunidad y m\u00e1s all\u00e1. En esta actividad se entregan entre 650 a 700 mochilas con materiales escolares a ni\u00f1os y j\u00f3venes. Tambi\u00e9n se organiza una feria de salud para ni\u00f1os y adultos donde se pueden obtener: ex\u00e1menes f\u00edsicos gratuitos, pruebas de salud, ex\u00e1menes de la vista para chicos y grandes, vacunas, entre otros servicios.\n\nDe esta manera servimos, apoyamos y aportamos activamente al bienestar de la comunidad, entregando \u00fatiles escolares a los estudiantes y ofreciendo servicios de salud y apoyo social a las familias de nuestra gente.<\/p>\n\n\n\n<p>V\u00e9ase el <a href=\"https:\/\/peacecenter.life\/es\/home\/events\/\" data-type=\"page\" data-id=\"20\">Calendario de actos<\/a> para obtener informaci\u00f3n completa.<\/p>\n\n\n\n<div class=\"wp-block-buttons is-layout-flex wp-block-buttons-is-layout-flex\">\n<div class=\"wp-block-button\"><a class=\"wp-block-button__link wp-element-button\" href=\"https:\/\/peacecenter.life\/es\/home\/events\/\">Ver calendario de eventos<\/a><\/div>\n<\/div>\n\n\n\n<figure class=\"wp-block-gallery has-nested-images columns-default is-cropped wp-block-gallery-1 is-layout-flex wp-block-gallery-is-layout-flex\">\n<figure class=\"wp-block-image size-large\"><img decoding=\"async\" width=\"1024\" height=\"768\" data-id=\"506\" src=\"https:\/\/peacecenter.life\/wp-content\/uploads\/2025\/09\/IMG_2887-1024x768.jpeg\" alt=\"\" class=\"wp-image-506\" srcset=\"https:\/\/peacecenter.life\/wp-content\/uploads\/2025\/09\/IMG_2887-1024x768.jpeg 1024w, https:\/\/peacecenter.life\/wp-content\/uploads\/2025\/09\/IMG_2887-300x225.jpeg 300w, https:\/\/peacecenter.life\/wp-content\/uploads\/2025\/09\/IMG_2887-768x576.jpeg 768w, https:\/\/peacecenter.life\/wp-content\/uploads\/2025\/09\/IMG_2887-1536x1152.jpeg 1536w, https:\/\/peacecenter.life\/wp-content\/uploads\/2025\/09\/IMG_2887-2048x1536.jpeg 2048w, https:\/\/peacecenter.life\/wp-content\/uploads\/2025\/09\/IMG_2887-16x12.jpeg 16w, https:\/\/peacecenter.life\/wp-content\/uploads\/2025\/09\/IMG_2887-1320x990.jpeg 1320w\" sizes=\"(max-width: 1024px) 100vw, 1024px\" \/><\/figure>\n\n\n\n<figure class=\"wp-block-image size-large\"><img decoding=\"async\" width=\"1024\" height=\"768\" data-id=\"500\" src=\"https:\/\/peacecenter.life\/wp-content\/uploads\/2025\/09\/IMG_2889-1024x768.jpeg\" alt=\"\" class=\"wp-image-500\" srcset=\"https:\/\/peacecenter.life\/wp-content\/uploads\/2025\/09\/IMG_2889-1024x768.jpeg 1024w, https:\/\/peacecenter.life\/wp-content\/uploads\/2025\/09\/IMG_2889-300x225.jpeg 300w, https:\/\/peacecenter.life\/wp-content\/uploads\/2025\/09\/IMG_2889-768x576.jpeg 768w, https:\/\/peacecenter.life\/wp-content\/uploads\/2025\/09\/IMG_2889-1536x1152.jpeg 1536w, https:\/\/peacecenter.life\/wp-content\/uploads\/2025\/09\/IMG_2889-2048x1536.jpeg 2048w, https:\/\/peacecenter.life\/wp-content\/uploads\/2025\/09\/IMG_2889-16x12.jpeg 16w, https:\/\/peacecenter.life\/wp-content\/uploads\/2025\/09\/IMG_2889-1320x990.jpeg 1320w\" sizes=\"(max-width: 1024px) 100vw, 1024px\" \/><\/figure>\n\n\n\n<figure class=\"wp-block-image size-large\"><img decoding=\"async\" width=\"768\" height=\"1024\" data-id=\"504\" src=\"https:\/\/peacecenter.life\/wp-content\/uploads\/2025\/09\/IMG_2890-4-768x1024.jpeg\" alt=\"\" class=\"wp-image-504\" srcset=\"https:\/\/peacecenter.life\/wp-content\/uploads\/2025\/09\/IMG_2890-4-768x1024.jpeg 768w, https:\/\/peacecenter.life\/wp-content\/uploads\/2025\/09\/IMG_2890-4-225x300.jpeg 225w, https:\/\/peacecenter.life\/wp-content\/uploads\/2025\/09\/IMG_2890-4-1152x1536.jpeg 1152w, https:\/\/peacecenter.life\/wp-content\/uploads\/2025\/09\/IMG_2890-4-1536x2048.jpeg 1536w, https:\/\/peacecenter.life\/wp-content\/uploads\/2025\/09\/IMG_2890-4-9x12.jpeg 9w, https:\/\/peacecenter.life\/wp-content\/uploads\/2025\/09\/IMG_2890-4-1320x1760.jpeg 1320w, https:\/\/peacecenter.life\/wp-content\/uploads\/2025\/09\/IMG_2890-4-scaled.jpeg 1920w\" sizes=\"(max-width: 768px) 100vw, 768px\" \/><\/figure>\n\n\n\n<figure class=\"wp-block-image size-large\"><img decoding=\"async\" width=\"1024\" height=\"768\" data-id=\"505\" src=\"https:\/\/peacecenter.life\/wp-content\/uploads\/2025\/09\/IMG_2896-1024x768.jpeg\" alt=\"\" class=\"wp-image-505\" srcset=\"https:\/\/peacecenter.life\/wp-content\/uploads\/2025\/09\/IMG_2896-1024x768.jpeg 1024w, https:\/\/peacecenter.life\/wp-content\/uploads\/2025\/09\/IMG_2896-300x225.jpeg 300w, https:\/\/peacecenter.life\/wp-content\/uploads\/2025\/09\/IMG_2896-768x576.jpeg 768w, https:\/\/peacecenter.life\/wp-content\/uploads\/2025\/09\/IMG_2896-1536x1152.jpeg 1536w, https:\/\/peacecenter.life\/wp-content\/uploads\/2025\/09\/IMG_2896-2048x1536.jpeg 2048w, https:\/\/peacecenter.life\/wp-content\/uploads\/2025\/09\/IMG_2896-16x12.jpeg 16w, https:\/\/peacecenter.life\/wp-content\/uploads\/2025\/09\/IMG_2896-1320x990.jpeg 1320w\" sizes=\"(max-width: 1024px) 100vw, 1024px\" \/><\/figure>\n\n\n\n<figure class=\"wp-block-image size-large\"><img decoding=\"async\" width=\"1024\" height=\"768\" data-id=\"508\" src=\"https:\/\/peacecenter.life\/wp-content\/uploads\/2025\/09\/IMG_2919-1024x768.jpeg\" alt=\"\" class=\"wp-image-508\" srcset=\"https:\/\/peacecenter.life\/wp-content\/uploads\/2025\/09\/IMG_2919-1024x768.jpeg 1024w, https:\/\/peacecenter.life\/wp-content\/uploads\/2025\/09\/IMG_2919-300x225.jpeg 300w, https:\/\/peacecenter.life\/wp-content\/uploads\/2025\/09\/IMG_2919-768x576.jpeg 768w, https:\/\/peacecenter.life\/wp-content\/uploads\/2025\/09\/IMG_2919-1536x1152.jpeg 1536w, https:\/\/peacecenter.life\/wp-content\/uploads\/2025\/09\/IMG_2919-2048x1536.jpeg 2048w, https:\/\/peacecenter.life\/wp-content\/uploads\/2025\/09\/IMG_2919-16x12.jpeg 16w, https:\/\/peacecenter.life\/wp-content\/uploads\/2025\/09\/IMG_2919-1320x990.jpeg 1320w\" sizes=\"(max-width: 1024px) 100vw, 1024px\" \/><\/figure>\n\n\n\n<figure class=\"wp-block-image size-large\"><img decoding=\"async\" width=\"1024\" height=\"768\" data-id=\"509\" src=\"https:\/\/peacecenter.life\/wp-content\/uploads\/2025\/09\/IMG_2923-1024x768.jpeg\" alt=\"\" class=\"wp-image-509\" srcset=\"https:\/\/peacecenter.life\/wp-content\/uploads\/2025\/09\/IMG_2923-1024x768.jpeg 1024w, https:\/\/peacecenter.life\/wp-content\/uploads\/2025\/09\/IMG_2923-300x225.jpeg 300w, https:\/\/peacecenter.life\/wp-content\/uploads\/2025\/09\/IMG_2923-768x576.jpeg 768w, https:\/\/peacecenter.life\/wp-content\/uploads\/2025\/09\/IMG_2923-1536x1152.jpeg 1536w, https:\/\/peacecenter.life\/wp-content\/uploads\/2025\/09\/IMG_2923-2048x1536.jpeg 2048w, https:\/\/peacecenter.life\/wp-content\/uploads\/2025\/09\/IMG_2923-16x12.jpeg 16w, https:\/\/peacecenter.life\/wp-content\/uploads\/2025\/09\/IMG_2923-1320x990.jpeg 1320w\" sizes=\"(max-width: 1024px) 100vw, 1024px\" \/><\/figure>\n\n\n\n<figure class=\"wp-block-image size-large\"><img decoding=\"async\" width=\"1024\" height=\"768\" data-id=\"502\" src=\"https:\/\/peacecenter.life\/wp-content\/uploads\/2025\/09\/IMG_2932-1024x768.jpeg\" alt=\"\" class=\"wp-image-502\" srcset=\"https:\/\/peacecenter.life\/wp-content\/uploads\/2025\/09\/IMG_2932-1024x768.jpeg 1024w, https:\/\/peacecenter.life\/wp-content\/uploads\/2025\/09\/IMG_2932-300x225.jpeg 300w, https:\/\/peacecenter.life\/wp-content\/uploads\/2025\/09\/IMG_2932-768x576.jpeg 768w, https:\/\/peacecenter.life\/wp-content\/uploads\/2025\/09\/IMG_2932-1536x1152.jpeg 1536w, https:\/\/peacecenter.life\/wp-content\/uploads\/2025\/09\/IMG_2932-2048x1536.jpeg 2048w, https:\/\/peacecenter.life\/wp-content\/uploads\/2025\/09\/IMG_2932-16x12.jpeg 16w, https:\/\/peacecenter.life\/wp-content\/uploads\/2025\/09\/IMG_2932-1320x990.jpeg 1320w\" sizes=\"(max-width: 1024px) 100vw, 1024px\" \/><\/figure>\n\n\n\n<figure class=\"wp-block-image size-large\"><img decoding=\"async\" width=\"768\" height=\"1024\" data-id=\"497\" src=\"https:\/\/peacecenter.life\/wp-content\/uploads\/2025\/09\/IMG_2938-768x1024.jpeg\" alt=\"\" class=\"wp-image-497\" srcset=\"https:\/\/peacecenter.life\/wp-content\/uploads\/2025\/09\/IMG_2938-768x1024.jpeg 768w, https:\/\/peacecenter.life\/wp-content\/uploads\/2025\/09\/IMG_2938-225x300.jpeg 225w, https:\/\/peacecenter.life\/wp-content\/uploads\/2025\/09\/IMG_2938-1152x1536.jpeg 1152w, https:\/\/peacecenter.life\/wp-content\/uploads\/2025\/09\/IMG_2938-1536x2048.jpeg 1536w, https:\/\/peacecenter.life\/wp-content\/uploads\/2025\/09\/IMG_2938-9x12.jpeg 9w, https:\/\/peacecenter.life\/wp-content\/uploads\/2025\/09\/IMG_2938-1320x1760.jpeg 1320w, https:\/\/peacecenter.life\/wp-content\/uploads\/2025\/09\/IMG_2938-scaled.jpeg 1920w\" sizes=\"(max-width: 768px) 100vw, 768px\" \/><\/figure>\n<\/figure>","protected":false},"excerpt":{"rendered":"<p>This event reaches out to our community and beyond. At this event, 650 to 700 backpacks with school supplies are given to children and young people. A health fair is [&hellip;]<\/p>\n","protected":false},"author":1,"featured_media":246,"parent":19,"menu_order":0,"comment_status":"closed","ping_status":"closed","template":"","meta":{"_price":"","_stock":"","_tribe_ticket_header":"","_tribe_default_ticket_provider":"","_tribe_ticket_capacity":"0","_ticket_start_date":"","_ticket_end_date":"","_tribe_ticket_show_description":"","_tribe_ticket_show_not_going":false,"_tribe_ticket_use_global_stock":"","_tribe_ticket_global_stock_level":"","_global_stock_mode":"","_global_stock_cap":"","_tribe_rsvp_for_event":"","_tribe_ticket_going_count":"","_tribe_ticket_not_going_count":"","_tribe_tickets_list":"[]","_tribe_ticket_has_attendee_info_fields":false,"_EventAllDay":false,"_EventTimezone":"","_EventStartDate":"","_EventEndDate":"","_EventStartDateUTC":"","_EventEndDateUTC":"","_EventShowMap":false,"_EventShowMapLink":false,"_EventURL":"","_EventCost":"","_EventCostDescription":"","_EventCurrencySymbol":"","_EventCurrencyCode":"","_EventCurrencyPosition":"","_EventDateTimeSeparator":"","_EventTimeRangeSeparator":"","_EventOrganizerID":[],"_EventVenueID":[],"_OrganizerEmail":"","_OrganizerPhone":"","_OrganizerWebsite":"","_VenueAddress":"","_VenueCity":"","_VenueCountry":"","_VenueProvince":"","_VenueState":"","_VenueZip":"","_VenuePhone":"","_VenueURL":"","_VenueStateProvince":"","_VenueLat":"","_VenueLng":"","_VenueShowMap":false,"_VenueShowMapLink":false,"footnotes":"","_tec_slr_enabled":"","_tec_slr_layout":""},"class_list":["post-48","page","type-page","status-publish","has-post-thumbnail","hentry"],"ticketed":false,"_links":{"self":[{"href":"https:\/\/peacecenter.life\/es\/wp-json\/wp\/v2\/pages\/48","targetHints":{"allow":["GET"]}}],"collection":[{"href":"https:\/\/peacecenter.life\/es\/wp-json\/wp\/v2\/pages"}],"about":[{"href":"https:\/\/peacecenter.life\/es\/wp-json\/wp\/v2\/types\/page"}],"author":[{"embeddable":true,"href":"https:\/\/peacecenter.life\/es\/wp-json\/wp\/v2\/users\/1"}],"replies":[{"embeddable":true,"href":"https:\/\/peacecenter.life\/es\/wp-json\/wp\/v2\/comments?post=48"}],"version-history":[{"count":4,"href":"https:\/\/peacecenter.life\/es\/wp-json\/wp\/v2\/pages\/48\/revisions"}],"predecessor-version":[{"id":510,"href":"https:\/\/peacecenter.life\/es\/wp-json\/wp\/v2\/pages\/48\/revisions\/510"}],"up":[{"embeddable":true,"href":"https:\/\/peacecenter.life\/es\/wp-json\/wp\/v2\/pages\/19"}],"wp:featuredmedia":[{"embeddable":true,"href":"https:\/\/peacecenter.life\/es\/wp-json\/wp\/v2\/media\/246"}],"wp:attachment":[{"href":"https:\/\/peacecenter.life\/es\/wp-json\/wp\/v2\/media?parent=48"}],"curies":[{"name":"wp","href":"https:\/\/api.w.org\/{rel}","templated":true}]}}